



{"id":40,"date":"2025-05-06T07:46:46","date_gmt":"2025-05-06T07:46:46","guid":{"rendered":"https:\/\/cnbs.transyavi.co.mz\/?page_id=40"},"modified":"2025-06-03T10:41:50","modified_gmt":"2025-06-03T10:41:50","slug":"conselho-de-direccao","status":"publish","type":"page","link":"https:\/\/cnbs.transyavi.co.mz\/index.php\/conselho-de-direccao\/","title":{"rendered":"Membros do CNBS"},"content":{"rendered":"\t\t<div data-elementor-type=\"wp-page\" data-elementor-id=\"40\" class=\"elementor elementor-40\">\n\t\t\t\t\t\t<section class=\"elementor-section elementor-top-section elementor-element elementor-element-a20fd2b elementor-section-boxed elementor-section-height-default elementor-section-height-default\" data-id=\"a20fd2b\" data-element_type=\"section\" data-e-type=\"section\">\n\t\t\t\t\t\t<div class=\"elementor-container elementor-column-gap-default\">\n\t\t\t\t\t<div class=\"elementor-column elementor-col-100 elementor-top-column elementor-element elementor-element-4272fb7\" data-id=\"4272fb7\" data-element_type=\"column\" data-e-type=\"column\">\n\t\t\t<div class=\"elementor-widget-wrap elementor-element-populated\">\n\t\t\t\t\t\t<div class=\"elementor-element elementor-element-6e74a91 elementor-widget elementor-widget-shortcode\" data-id=\"6e74a91\" data-element_type=\"widget\" data-e-type=\"widget\" data-widget_type=\"shortcode.default\">\n\t\t\t\t<div class=\"elementor-widget-container\">\n\t\t\t\t\t\t\t<div class=\"elementor-shortcode\"><div class=\"tmm tmm_membros-do-cnbs\"><div class=\"tmm_2_columns tmm_wrap tmm_plugin_f\"><span class=\"tmm_two_containers_tablet\"><\/span><div class=\"tmm_container\"><div class=\"tmm_member\" style=\"border-top:#333333 solid 5px;\"><div class=\"tmm_photo tmm_pic_membros-do-cnbs_0\" style=\"background: url(https:\/\/cnbs.transyavi.co.mz\/wp-content\/uploads\/2025\/06\/Olga.jpg); margin-left: auto; margin-right:auto; background-size:cover !important;\"><\/div><div class=\"tmm_textblock\"><div class=\"tmm_names\"><span class=\"tmm_fname\">Olga <\/span> <span class=\"tmm_lname\">Cambaco<\/span><\/div><div class=\"tmm_desc\" style=\"text-align:\"><p>Dra. Olga Cambaco \u00e9 soci\u00f3loga e mestre em Sa\u00fade P\u00fablica pela Universidade Eduardo Mondlane (UEM), e doutorada pelo Instituto Su\u00ed\u00e7o de Sa\u00fade P\u00fablica e Tropical (Swiss TPH). Actualmente \u00e9 investigadora de p\u00f3s-doutoramento, Ler mais...<\/p><\/div><div class=\"tmm_scblock\"><\/div><\/div><\/div><div class=\"tmm_member\" style=\"border-top:#333333 solid 5px;\"><div class=\"tmm_photo tmm_pic_membros-do-cnbs_1\" style=\"background: url(https:\/\/cnbs.transyavi.co.mz\/wp-content\/uploads\/2025\/06\/igor.png); margin-left: auto; margin-right:auto; background-size:cover !important;\"><\/div><div class=\"tmm_textblock\"><div class=\"tmm_names\"><span class=\"tmm_fname\">Igor <\/span> <span class=\"tmm_lname\">Dobe<\/span><\/div><div class=\"tmm_desc\" style=\"text-align:\"><p>Igor Samuel Dobe \u00e9 m\u00e9dico, mestre em Sa\u00fade P\u00fablica e doutorando em Bioci\u00eancias e Sa\u00fade P\u00fablica. Atua como investigador e membro do Comit\u00e9 Nacional de Bio\u00e9tica para a Sa\u00fade, com v\u00e1rios anos de experi\u00eancia em comit\u00eas, <a href=\"https:\/\/cnbs.transyavi.co.mz\">Ler mais<\/a><\/p><\/div><div class=\"tmm_scblock\"><\/div><\/div><\/div><span class=\"tmm_two_containers_tablet\"><\/span><\/div><span class=\"tmm_columns_containers_desktop\"><\/span><div class=\"tmm_container\"><div class=\"tmm_member\" style=\"border-top:#333333 solid 5px;\"><div class=\"tmm_photo tmm_pic_membros-do-cnbs_2\" style=\"background: url(https:\/\/cnbs.transyavi.co.mz\/wp-content\/uploads\/2025\/06\/emilia.jpg); margin-left: auto; margin-right:auto; background-size:cover !important;\"><\/div><div class=\"tmm_textblock\"><div class=\"tmm_names\"><span class=\"tmm_fname\">Em\u00edlia <\/span> <span class=\"tmm_lname\">Fumane<\/span><\/div><div class=\"tmm_desc\" style=\"text-align:\"><p>Em\u00edlia Jusceline E. C. Fumane, m\u00e9dica e investigadora do Instituto Nacional de Sa\u00fade (INS) com mais de 8 anos de experi\u00eancia na implementa\u00e7\u00e3o de pesquisas cl\u00ednicas no ramo de doen\u00e7as infecciosas como HIV e TB e ensaios, <a href=\"https:\/\/cnbs.transyavi.co.mz\">Ler mais<\/a><\/p><\/div><div class=\"tmm_scblock\"><\/div><\/div><\/div><div class=\"tmm_member\" style=\"border-top:#333333 solid 5px;\"><div class=\"tmm_photo tmm_pic_membros-do-cnbs_3\" style=\"background: url(https:\/\/cnbs.transyavi.co.mz\/wp-content\/uploads\/2025\/06\/bispo.jpg); margin-left: auto; margin-right:auto; background-size:cover !important;\"><\/div><div class=\"tmm_textblock\"><div class=\"tmm_names\"><span class=\"tmm_fname\">Bispo Rodrigues <\/span> <span class=\"tmm_lname\">Dambo<\/span><\/div><div class=\"tmm_desc\" style=\"text-align:\"><p>Rodrigues J\u00falio Dambo, Nasceu em 25 de Setembro de 1970, em Inharrime, Inhambane, Bispo da Igreja Metodista Evang\u00e9lica de Mo\u00e7ambique, concluiu o forma\u00e7\u00e3o em teologia pelo Semin\u00e1rio Unido de Ricatla, em Marracuene, Ler mais<\/p><\/div><div class=\"tmm_scblock\"><\/div><\/div><\/div><span class=\"tmm_two_containers_tablet\"><\/span><\/div><span class=\"tmm_columns_containers_desktop\"><\/span><div class=\"tmm_container\"><div class=\"tmm_member\" style=\"border-top:#333333 solid 5px;\"><div class=\"tmm_photo tmm_pic_membros-do-cnbs_4\" style=\"background: url(https:\/\/cnbs.transyavi.co.mz\/wp-content\/uploads\/2025\/06\/yonisse.png); margin-left: auto; margin-right:auto; background-size:cover !important;\"><\/div><div class=\"tmm_textblock\"><div class=\"tmm_names\"><span class=\"tmm_fname\">Y\u00f3nisse<\/span> <span class=\"tmm_lname\"> Bas\u00edlio Nanula <\/span><\/div><div class=\"tmm_desc\" style=\"text-align:\"><p>Y\u00f3nisse Bas\u00edlio Nanula \u00e9 Licenciada pela Faculdade de Direito, da Universidade Eduardo Mondlane em 2008 e Mestre em Ci\u00eancias Jur\u00eddicas pela Universidade de Macau (UMAC) em 2019, com o tema \u201cResponsabilidade Civil, <a href=\"https:\/\/cnbs.transyavi.co.mz\">Ler mais<\/a><\/p><\/div><div class=\"tmm_scblock\"><\/div><\/div><\/div><div class=\"tmm_member\" style=\"border-top:#333333 solid 5px;\"><div class=\"tmm_photo tmm_pic_membros-do-cnbs_5\" style=\"background: url(https:\/\/cnbs.transyavi.co.mz\/wp-content\/uploads\/2025\/06\/moh.jpg); margin-left: auto; margin-right:auto; background-size:cover !important;\"><\/div><div class=\"tmm_textblock\"><div class=\"tmm_names\"><span class=\"tmm_fname\">Momadikbal<\/span> <span class=\"tmm_lname\"> Abdulmagide<\/span><\/div><div class=\"tmm_desc\" style=\"text-align:\"><p>Natural da localidade de Lumbo, Distrito de Mossuril, Prov\u00edncia de Nampula, Rep\u00fablica de Mo\u00e7ambique, passou a sua inf\u00e2ncia na terra natal onde fez o ensino prim\u00e1rio na \u00fanica escola publica local, tendo vivido a sua adolesc\u00eancia, Ler mais<\/p><\/div><div class=\"tmm_scblock\"><\/div><\/div><\/div><span class=\"tmm_two_containers_tablet\"><\/span><\/div><span class=\"tmm_columns_containers_desktop\"><\/span><div class=\"tmm_container\"><div class=\"tmm_member\" style=\"border-top:#333333 solid 5px;\"><div class=\"tmm_photo tmm_pic_membros-do-cnbs_6\" style=\"background: url(https:\/\/cnbs.transyavi.co.mz\/wp-content\/uploads\/2025\/06\/carla-Braga.png); margin-left: auto; margin-right:auto; background-size:cover !important;\"><\/div><div class=\"tmm_textblock\"><div class=\"tmm_names\"><span class=\"tmm_fname\">Carla <\/span> <span class=\"tmm_lname\">Braga <\/span><\/div><div class=\"tmm_desc\" style=\"text-align:\"><p>Carla Braga \u00e9 doutorada em Antropologia pela State University of New York (SUNY) e \u00e9 Professora Associada de Antropologia da Sa\u00fade e das Politicas P\u00fablicas na Universidade Eduardo Mondlane (UEM) em Mo\u00e7ambique. Ler Mais<\/p><\/div><div class=\"tmm_scblock\"><\/div><\/div><\/div><div class=\"tmm_member\" style=\"border-top:#333333 solid 5px;\"><div class=\"tmm_photo tmm_pic_membros-do-cnbs_7\" style=\"background: url(https:\/\/cnbs.transyavi.co.mz\/wp-content\/uploads\/2025\/10\/1759754990302.jpg); margin-left: auto; margin-right:auto; background-size:cover !important;\"><\/div><div class=\"tmm_textblock\"><div class=\"tmm_names\"><span class=\"tmm_fname\">Helena<\/span> <span class=\"tmm_lname\">Guirrugo<\/span><\/div><div class=\"tmm_job\">Secret\u00e1ria Administrativa<\/div><div class=\"tmm_desc\" style=\"text-align:\"><p>Helena....<\/p><\/div><div class=\"tmm_scblock\"><\/div><\/div><\/div><span class=\"tmm_two_containers_tablet\"><\/span><\/div><span class=\"tmm_columns_containers_desktop\"><\/span><div class=\"tmm_container\"><div class=\"tmm_member\" style=\"border-top:#333333 solid 5px;\"><div class=\"tmm_photo tmm_pic_membros-do-cnbs_8\" style=\"background: url(https:\/\/cnbs.transyavi.co.mz\/wp-content\/uploads\/2025\/10\/IMG_20250630_075403.jpg); margin-left: auto; margin-right:auto; background-size:cover !important;\"><\/div><div class=\"tmm_textblock\"><div class=\"tmm_names\"><span class=\"tmm_fname\">Momade<\/span> <span class=\"tmm_lname\">Sumalgy<\/span><\/div><div class=\"tmm_job\">Engenheiro<\/div><div class=\"tmm_desc\" style=\"text-align:\"><p>Momade Sumalgy, Licenciado em Engenharia Industrial pela Universidade T\u00e9cnica de Mo\u00e7ambique, tamb\u00e9m \u00e9 formado em Electr\u00f3nica pelo Instituto Industrial de Maputo (1983) e \u00e9 funcion\u00e1rio do Minist\u00e9rio da Sa\u00fade desde 1984.<\/p><\/div><div class=\"tmm_scblock\"><\/div><\/div><\/div><div class=\"tmm_member\" style=\"border-top:#333333 solid 5px;\"><div class=\"tmm_photo tmm_pic_membros-do-cnbs_9\" style=\"background: url(https:\/\/cnbs.transyavi.co.mz\/wp-content\/uploads\/2025\/10\/Foto-Nelia.jpg); margin-left: auto; margin-right:auto; background-size:cover !important;\"><\/div><div class=\"tmm_textblock\"><div class=\"tmm_names\"><span class=\"tmm_fname\">N\u00e9lia <\/span> <span class=\"tmm_lname\">Uamusse<\/span><\/div><div class=\"tmm_job\">Secret\u00e1ria Administrativa<\/div><div class=\"tmm_desc\" style=\"text-align:\"><p>N\u00e9lia Uamusse, Formada em Administrata\u00e7\u00e3o e Gest\u00e3o Hospitalar, funcion\u00e1ria do CNBS, exercendo as fun\u00e7\u00f5es de secret\u00e1ria administrativa<\/p><\/div><div class=\"tmm_scblock\"><\/div><\/div><\/div><span class=\"tmm_two_containers_tablet\"><\/span><\/div><span class=\"tmm_columns_containers_desktop\"><\/span><div class=\"tmm_container\"><div class=\"tmm_member\" style=\"border-top:#333333 solid 5px;\"><div class=\"tmm_photo tmm_pic_membros-do-cnbs_10\" style=\"background: url(https:\/\/cnbs.transyavi.co.mz\/wp-content\/uploads\/2025\/06\/1000450358.jpg); margin-left: auto; margin-right:auto; background-size:cover !important;\"><\/div><div class=\"tmm_textblock\"><div class=\"tmm_names\"><span class=\"tmm_fname\">Cristina<\/span> <span class=\"tmm_lname\">Chissico<\/span><\/div><div class=\"tmm_job\">Secret\u00e1ria Administrativa<\/div><div class=\"tmm_desc\" style=\"text-align:\"><p>Lincenciada em Ensino de Portugu\u00eas pela Universidade Pedag\u00f3gica de Maputo (2011), Mestre em Bio\u00e9tica - Universidade de Bras\u00edlia (UnB) e membro do Africa Bioethics Network desde 2024<\/p><\/div><div class=\"tmm_scblock\"><\/div><\/div><\/div><div style=\"clear:both;\"><\/div><\/div><\/div><\/div><\/div>\n\t\t\t\t\t\t<\/div>\n\t\t\t\t<\/div>\n\t\t\t\t\t<\/div>\n\t\t<\/div>\n\t\t\t\t\t<\/div>\n\t\t<\/section>\n\t\t\t\t<\/div>\n\t\t","protected":false},"excerpt":{"rendered":"","protected":false},"author":1,"featured_media":0,"parent":0,"menu_order":0,"comment_status":"closed","ping_status":"closed","template":"","meta":{"footnotes":""},"class_list":["post-40","page","type-page","status-publish","hentry"],"_links":{"self":[{"href":"https:\/\/cnbs.transyavi.co.mz\/index.php\/wp-json\/wp\/v2\/pages\/40","targetHints":{"allow":["GET"]}}],"collection":[{"href":"https:\/\/cnbs.transyavi.co.mz\/index.php\/wp-json\/wp\/v2\/pages"}],"about":[{"href":"https:\/\/cnbs.transyavi.co.mz\/index.php\/wp-json\/wp\/v2\/types\/page"}],"author":[{"embeddable":true,"href":"https:\/\/cnbs.transyavi.co.mz\/index.php\/wp-json\/wp\/v2\/users\/1"}],"replies":[{"embeddable":true,"href":"https:\/\/cnbs.transyavi.co.mz\/index.php\/wp-json\/wp\/v2\/comments?post=40"}],"version-history":[{"count":5,"href":"https:\/\/cnbs.transyavi.co.mz\/index.php\/wp-json\/wp\/v2\/pages\/40\/revisions"}],"predecessor-version":[{"id":727,"href":"https:\/\/cnbs.transyavi.co.mz\/index.php\/wp-json\/wp\/v2\/pages\/40\/revisions\/727"}],"wp:attachment":[{"href":"https:\/\/cnbs.transyavi.co.mz\/index.php\/wp-json\/wp\/v2\/media?parent=40"}],"curies":[{"name":"wp","href":"https:\/\/api.w.org\/{rel}","templated":true}]}}