



{"id":25,"date":"2025-05-04T15:14:46","date_gmt":"2025-05-04T15:14:46","guid":{"rendered":"https:\/\/cnbs.transyavi.co.mz\/?page_id=25"},"modified":"2025-10-03T08:47:53","modified_gmt":"2025-10-03T08:47:53","slug":"historial","status":"publish","type":"page","link":"https:\/\/cnbs.transyavi.co.mz\/index.php\/historial\/","title":{"rendered":"Historial"},"content":{"rendered":"\t\t<div data-elementor-type=\"wp-page\" data-elementor-id=\"25\" class=\"elementor elementor-25\">\n\t\t\t\t\t\t<section class=\"elementor-section elementor-top-section elementor-element elementor-element-be27f50 elementor-section-boxed elementor-section-height-default elementor-section-height-default\" data-id=\"be27f50\" data-element_type=\"section\" data-e-type=\"section\">\n\t\t\t\t\t\t<div class=\"elementor-container elementor-column-gap-default\">\n\t\t\t\t\t<div class=\"elementor-column elementor-col-50 elementor-top-column elementor-element elementor-element-094a759\" data-id=\"094a759\" data-element_type=\"column\" data-e-type=\"column\">\n\t\t\t<div class=\"elementor-widget-wrap elementor-element-populated\">\n\t\t\t\t\t\t<div class=\"elementor-element elementor-element-434d526 elementor-widget elementor-widget-image\" data-id=\"434d526\" data-element_type=\"widget\" data-e-type=\"widget\" data-settings=\"{&quot;_animation&quot;:&quot;none&quot;}\" data-widget_type=\"image.default\">\n\t\t\t\t<div class=\"elementor-widget-container\">\n\t\t\t\t\t\t\t\t\t\t\t\t\t\t\t<img fetchpriority=\"high\" decoding=\"async\" width=\"768\" height=\"1024\" src=\"https:\/\/cnbs.transyavi.co.mz\/wp-content\/uploads\/2025\/06\/a29e94a1-5453-42c9-b077-2172374f58c8.jpg\" class=\"attachment-medium_large size-medium_large wp-image-822\" alt=\"\" \/>\t\t\t\t\t\t\t\t\t\t\t\t\t\t\t<\/div>\n\t\t\t\t<\/div>\n\t\t\t\t\t<\/div>\n\t\t<\/div>\n\t\t\t\t<div class=\"elementor-column elementor-col-50 elementor-top-column elementor-element elementor-element-7e79d39\" data-id=\"7e79d39\" data-element_type=\"column\" data-e-type=\"column\">\n\t\t\t<div class=\"elementor-widget-wrap elementor-element-populated\">\n\t\t\t\t\t\t<div class=\"elementor-element elementor-element-70af506 elementor-widget elementor-widget-text-editor\" data-id=\"70af506\" data-element_type=\"widget\" data-e-type=\"widget\" data-widget_type=\"text-editor.default\">\n\t\t\t\t<div class=\"elementor-widget-container\">\n\t\t\t\t\t\t\t\t\t<p>O Comit\u00e9 Nacional de Bio\u00e9tica para a Sa\u00fade (CNBS) de Mo\u00e7ambique surgiu da necessidade de garantir a \u00e9tica nas investiga\u00e7\u00f5es cient\u00edficas em seres humanos. Antes da sua formaliza\u00e7\u00e3o, a avalia\u00e7\u00e3o \u00e9tica era feita por comiss\u00f5es <em>ad hoc<\/em> do Instituto Nacional de Sa\u00fade (INS) e da Faculdade de Medicina da UEM. A cria\u00e7\u00e3o do Centro de Investiga\u00e7\u00e3o em Sa\u00fade de Manhi\u00e7a (CISM), em 1995, marcou um ponto de viragem, ao evidenciar a urg\u00eancia de um organismo independente para avalia\u00e7\u00e3o \u00e9tica, especialmente em estudos sobre mal\u00e1ria e vacinas.<\/p><p>Em resposta, o CNBS foi oficialmente criado a 21 de Maio de 2002, com uma composi\u00e7\u00e3o multidisciplinar envolvendo institui\u00e7\u00f5es acad\u00e9micas, de sa\u00fade, jur\u00eddicas, religiosas e da sociedade civil. Enfrentando limita\u00e7\u00f5es log\u00edsticas e or\u00e7amentais nos primeiros anos, o Comit\u00e9 adoptou medidas como a Taxa de Tramita\u00e7\u00e3o para garantir a sua sustentabilidade e independ\u00eancia.<\/p><p>Para lidar com o crescente aumento de pesquisas, em 2011 foram criados os Comit\u00e9s Institucionais de Bio\u00e9tica para a Sa\u00fade (CIBS), permitindo ao CNBS focar-se em estudos de maior complexidade. O reconhecimento internacional veio com o registo no <em>Office for Human Research Protections<\/em> dos EUA, em 2004.<\/p><p>Apesar dos avan\u00e7os, o CNBS continua a enfrentar desafios, como a falta de financiamento estatal directo. A obten\u00e7\u00e3o de sede pr\u00f3pria em 2019 e o investimento em forma\u00e7\u00e3o \u00e9tica cont\u00ednua t\u00eam fortalecido a sua atua\u00e7\u00e3o. Em 2023, um marco importante foi a aprova\u00e7\u00e3o pela Assembleia da Rep\u00fablica da Lei n\u00ba 6\/2023 de 8 de Junho, Lei da Investiga\u00e7\u00e3o em Sa\u00fade Humana, que formalizou a import\u00e2ncia do CNBS, consolidando-o como refer\u00eancia \u00e9tica na investiga\u00e7\u00e3o em sa\u00fade em Mo\u00e7ambique.<\/p>\t\t\t\t\t\t\t\t<\/div>\n\t\t\t\t<\/div>\n\t\t\t\t\t<\/div>\n\t\t<\/div>\n\t\t\t\t\t<\/div>\n\t\t<\/section>\n\t\t\t\t<section class=\"elementor-section elementor-top-section elementor-element elementor-element-6c8ac24 elementor-section-boxed elementor-section-height-default elementor-section-height-default\" data-id=\"6c8ac24\" data-element_type=\"section\" data-e-type=\"section\">\n\t\t\t\t\t\t<div class=\"elementor-container elementor-column-gap-default\">\n\t\t\t\t\t<div class=\"elementor-column elementor-col-100 elementor-top-column elementor-element elementor-element-27b423d\" data-id=\"27b423d\" data-element_type=\"column\" data-e-type=\"column\">\n\t\t\t<div class=\"elementor-widget-wrap elementor-element-populated\">\n\t\t\t\t\t\t\t<\/div>\n\t\t<\/div>\n\t\t\t\t\t<\/div>\n\t\t<\/section>\n\t\t\t\t<\/div>\n\t\t","protected":false},"excerpt":{"rendered":"<p>O Comit\u00e9 Nacional de Bio\u00e9tica para a Sa\u00fade (CNBS) de Mo\u00e7ambique surgiu da necessidade de garantir a \u00e9tica nas investiga\u00e7\u00f5es cient\u00edficas em seres humanos. Antes da sua formaliza\u00e7\u00e3o, a avalia\u00e7\u00e3o [&hellip;]<\/p>\n","protected":false},"author":1,"featured_media":0,"parent":0,"menu_order":0,"comment_status":"closed","ping_status":"closed","template":"","meta":{"footnotes":""},"class_list":["post-25","page","type-page","status-publish","hentry"],"_links":{"self":[{"href":"https:\/\/cnbs.transyavi.co.mz\/index.php\/wp-json\/wp\/v2\/pages\/25","targetHints":{"allow":["GET"]}}],"collection":[{"href":"https:\/\/cnbs.transyavi.co.mz\/index.php\/wp-json\/wp\/v2\/pages"}],"about":[{"href":"https:\/\/cnbs.transyavi.co.mz\/index.php\/wp-json\/wp\/v2\/types\/page"}],"author":[{"embeddable":true,"href":"https:\/\/cnbs.transyavi.co.mz\/index.php\/wp-json\/wp\/v2\/users\/1"}],"replies":[{"embeddable":true,"href":"https:\/\/cnbs.transyavi.co.mz\/index.php\/wp-json\/wp\/v2\/comments?post=25"}],"version-history":[{"count":37,"href":"https:\/\/cnbs.transyavi.co.mz\/index.php\/wp-json\/wp\/v2\/pages\/25\/revisions"}],"predecessor-version":[{"id":1166,"href":"https:\/\/cnbs.transyavi.co.mz\/index.php\/wp-json\/wp\/v2\/pages\/25\/revisions\/1166"}],"wp:attachment":[{"href":"https:\/\/cnbs.transyavi.co.mz\/index.php\/wp-json\/wp\/v2\/media?parent=25"}],"curies":[{"name":"wp","href":"https:\/\/api.w.org\/{rel}","templated":true}]}}